{"id":6831,"date":"2020-12-29T03:55:26","date_gmt":"2020-12-29T03:55:26","guid":{"rendered":"https:\/\/demo4.drfuri.com\/razzi\/?post_type=product&#038;p=6831"},"modified":"2022-04-24T23:11:45","modified_gmt":"2022-04-24T23:11:45","slug":"kalfu","status":"publish","type":"product","link":"https:\/\/yancol.cl\/wp\/product\/kalfu\/","title":{"rendered":"Vestido Kalfu"},"content":{"rendered":"\t\t<div data-elementor-type=\"wp-post\" data-elementor-id=\"6831\" class=\"elementor elementor-6831\">\n\t\t\t\t\t\t\t\t\t<section class=\"elementor-section elementor-top-section elementor-element elementor-element-aae1229 elementor-section-boxed elementor-section-height-default elementor-section-height-default\" data-id=\"aae1229\" data-element_type=\"section\">\n\t\t\t\t\t\t<div class=\"elementor-container elementor-column-gap-default\">\n\t\t\t\t\t<div class=\"elementor-column elementor-col-100 elementor-top-column elementor-element elementor-element-d1aa0fd\" data-id=\"d1aa0fd\" data-element_type=\"column\">\n\t\t\t<div class=\"elementor-widget-wrap elementor-element-populated\">\n\t\t\t\t\t\t\t\t<div class=\"elementor-element elementor-element-93b8f86 elementor-widget elementor-widget-text-editor\" data-id=\"93b8f86\" data-element_type=\"widget\" data-widget_type=\"text-editor.default\">\n\t\t\t\t<div class=\"elementor-widget-container\">\n\t\t\t<style>\/*! elementor - v3.6.5 - 27-04-2022 *\/\n.elementor-widget-text-editor.elementor-drop-cap-view-stacked .elementor-drop-cap{background-color:#818a91;color:#fff}.elementor-widget-text-editor.elementor-drop-cap-view-framed .elementor-drop-cap{color:#818a91;border:3px solid;background-color:transparent}.elementor-widget-text-editor:not(.elementor-drop-cap-view-default) .elementor-drop-cap{margin-top:8px}.elementor-widget-text-editor:not(.elementor-drop-cap-view-default) .elementor-drop-cap-letter{width:1em;height:1em}.elementor-widget-text-editor .elementor-drop-cap{float:left;text-align:center;line-height:1;font-size:50px}.elementor-widget-text-editor .elementor-drop-cap-letter{display:inline-block}<\/style>\t\t\t\t<p>Lower temperature washes and delicate spin cycles are gentler on garment, helping to maintain the color, shape and structure of the fabric. At the same time it reduces energy consumption that is used in care processes.<\/p>\t\t\t\t\t\t<\/div>\n\t\t\t\t<\/div>\n\t\t\t\t\t<\/div>\n\t\t<\/div>\n\t\t\t\t\t\t\t<\/div>\n\t\t<\/section>\n\t\t\t\t<section class=\"elementor-section elementor-top-section elementor-element elementor-element-f3349d6 elementor-section-boxed elementor-section-height-default elementor-section-height-default\" data-id=\"f3349d6\" data-element_type=\"section\">\n\t\t\t\t\t\t<div class=\"elementor-container elementor-column-gap-default\">\n\t\t\t\t\t<div class=\"elementor-column elementor-col-50 elementor-top-column elementor-element elementor-element-c8e5b7e\" data-id=\"c8e5b7e\" data-element_type=\"column\">\n\t\t\t<div class=\"elementor-widget-wrap elementor-element-populated\">\n\t\t\t\t\t\t\t\t<div class=\"elementor-element elementor-element-5863ce8 elementor-widget elementor-widget-text-editor\" data-id=\"5863ce8\" data-element_type=\"widget\" data-widget_type=\"text-editor.default\">\n\t\t\t\t<div class=\"elementor-widget-container\">\n\t\t\t\t\t\t\t<ul class=\"list-unstyled\">\n \t<li><strong class=\"text-body\">Model wears<\/strong>:  UK 10\/ EU 38\/ US 6<\/li>\n \t<li><strong class=\"text-body\">Occasion<\/strong>: Lifestyle, Sport<\/li>\n \t<li><strong class=\"text-body\">Country<\/strong>: Italy<\/li>\n<\/ul>\t\t\t\t\t\t<\/div>\n\t\t\t\t<\/div>\n\t\t\t\t\t<\/div>\n\t\t<\/div>\n\t\t\t\t<div class=\"elementor-column elementor-col-50 elementor-top-column elementor-element elementor-element-26bc5e3\" data-id=\"26bc5e3\" data-element_type=\"column\">\n\t\t\t<div class=\"elementor-widget-wrap elementor-element-populated\">\n\t\t\t\t\t\t\t\t<div class=\"elementor-element elementor-element-bf2ca61 elementor-widget elementor-widget-text-editor\" data-id=\"bf2ca61\" data-element_type=\"widget\" data-widget_type=\"text-editor.default\">\n\t\t\t\t<div class=\"elementor-widget-container\">\n\t\t\t\t\t\t\t<ul class=\"list-unstyled\"><li><strong>Outer<\/strong>: Leather 100%, Polyamide 100%<\/li><li><strong>Lining<\/strong>: Polyester 100%<\/li><li><strong>CounSoletry<\/strong>: Rubber 100%<\/li><\/ul>\t\t\t\t\t\t<\/div>\n\t\t\t\t<\/div>\n\t\t\t\t\t<\/div>\n\t\t<\/div>\n\t\t\t\t\t\t\t<\/div>\n\t\t<\/section>\n\t\t\t\t\t\t\t<\/div>\n\t\t","protected":false},"excerpt":{"rendered":"<p>Esta pieza de vestuario rescata la iconograf\u00eda Mapuche, la que ha sido bordada en su pectoral, tal como lo es la cruz sim\u00e9trica que representa el cielo, la lluvia y la vida.<br \/>\nConfeccionado a mano, utiliza tela Punto Roma, tejido grueso y con mucha ca\u00edda y movimiento, de textura suave y agradable al tacto, con cierta elasticidad aportada por el peque\u00f1o porcentaje de elast\u00e1n que contiene la tela.<\/p>\n<p><strong>Color:<\/strong> Azul.<br \/>\n<strong>Tallas:<\/strong> S, M y L. Otras tallas a pedido.<br \/>\n<strong>Tela:<\/strong> Punto Roma.<\/p>\n","protected":false},"featured_media":12007,"template":"..\/public\/views\/revslider-page-template.php","meta":[],"product_cat":[83],"product_tag":[114],"class_list":{"0":"post-6831","1":"product","2":"type-product","3":"status-publish","4":"has-post-thumbnail","6":"product_cat-vestidos","7":"product_tag-kalfu","9":"first","10":"instock","11":"shipping-taxable","12":"purchasable","13":"product-type-simple"},"_links":{"self":[{"href":"https:\/\/yancol.cl\/wp\/wp-json\/wp\/v2\/product\/6831","targetHints":{"allow":["GET"]}}],"collection":[{"href":"https:\/\/yancol.cl\/wp\/wp-json\/wp\/v2\/product"}],"about":[{"href":"https:\/\/yancol.cl\/wp\/wp-json\/wp\/v2\/types\/product"}],"wp:featuredmedia":[{"embeddable":true,"href":"https:\/\/yancol.cl\/wp\/wp-json\/wp\/v2\/media\/12007"}],"wp:attachment":[{"href":"https:\/\/yancol.cl\/wp\/wp-json\/wp\/v2\/media?parent=6831"}],"wp:term":[{"taxonomy":"product_cat","embeddable":true,"href":"https:\/\/yancol.cl\/wp\/wp-json\/wp\/v2\/product_cat?post=6831"},{"taxonomy":"product_tag","embeddable":true,"href":"https:\/\/yancol.cl\/wp\/wp-json\/wp\/v2\/product_tag?post=6831"}],"curies":[{"name":"wp","href":"https:\/\/api.w.org\/{rel}","templated":true}]}}